	{"id":11100,"date":"2014-05-22T18:05:22","date_gmt":"2014-05-22T16:05:22","guid":{"rendered":"https:\/\/barazza.comunicazione21.com\/barazza-company\/cucine-design\/"},"modified":"2022-06-15T12:58:57","modified_gmt":"2022-06-15T10:58:57","slug":"design","status":"publish","type":"page","link":"https:\/\/barazza.comunicazione21.com\/es\/company\/design\/","title":{"rendered":"Dise\u00f1o"},"content":{"rendered":"<p>La creatividad como fuente de inspiraci\u00f3n.<br \/>\nBarazza destaca por su ambici\u00f3n y su deseo de experimentar con nuevas formas, implementar tecnolog\u00edas, combinar innovaci\u00f3n y dise\u00f1o italiano y ofrecer soluciones que se adelantan a las demandas de un p\u00fablico con gustos en constante evoluci\u00f3n.<br \/>\nEsto se traduce en productos exclusivos y a juego para el dise\u00f1o de cocinas, que interpretan las tendencias del momento y las transforman gracias a los conocimientos t\u00e9cnicos italianos en materia de fabricaci\u00f3n. Esta competencia se ve respaldada por nuestra voluntad de ofrecer a los clientes productos que superan con creces sus expectativas, satisfaciendo los requisitos m\u00e1s exigentes de composici\u00f3n y espacio con soluciones exclusivas personalizadas.<\/p>\n","protected":false},"excerpt":{"rendered":"<p>La creatividad como fuente de inspiraci\u00f3n. Barazza destaca por su ambici\u00f3n y su deseo de experimentar con nuevas formas, implementar&#8230;<\/p>\n","protected":false},"author":1,"featured_media":82101,"parent":11098,"menu_order":192,"comment_status":"closed","ping_status":"closed","template":"page-design.php","meta":[],"acf":[],"_links":{"self":[{"href":"https:\/\/barazza.comunicazione21.com\/es\/wp-json\/wp\/v2\/pages\/11100"}],"collection":[{"href":"https:\/\/barazza.comunicazione21.com\/es\/wp-json\/wp\/v2\/pages"}],"about":[{"href":"https:\/\/barazza.comunicazione21.com\/es\/wp-json\/wp\/v2\/types\/page"}],"author":[{"embeddable":true,"href":"https:\/\/barazza.comunicazione21.com\/es\/wp-json\/wp\/v2\/users\/1"}],"replies":[{"embeddable":true,"href":"https:\/\/barazza.comunicazione21.com\/es\/wp-json\/wp\/v2\/comments?post=11100"}],"version-history":[{"count":0,"href":"https:\/\/barazza.comunicazione21.com\/es\/wp-json\/wp\/v2\/pages\/11100\/revisions"}],"up":[{"embeddable":true,"href":"https:\/\/barazza.comunicazione21.com\/es\/wp-json\/wp\/v2\/pages\/11098"}],"wp:featuredmedia":[{"embeddable":true,"href":"https:\/\/barazza.comunicazione21.com\/es\/wp-json\/wp\/v2\/media\/82101"}],"wp:attachment":[{"href":"https:\/\/barazza.comunicazione21.com\/es\/wp-json\/wp\/v2\/media?parent=11100"}],"curies":[{"name":"wp","href":"https:\/\/api.w.org\/{rel}","templated":true}]}}