	{"id":11099,"date":"2014-05-22T18:04:34","date_gmt":"2014-05-22T16:04:34","guid":{"rendered":"https:\/\/barazza.comunicazione21.com\/barazza-company\/elettrodomestici\/"},"modified":"2023-09-22T14:47:44","modified_gmt":"2023-09-22T12:47:44","slug":"historia","status":"publish","type":"page","link":"https:\/\/barazza.comunicazione21.com\/es\/company\/historia\/","title":{"rendered":"Historia"},"content":{"rendered":"<p><b>UNA HISTORIA QUE LLEVA 50 A\u00d1OS HABLANDO DE FUTURO<\/b><\/p>\n<p><span style=\"font-weight: 400;\">Barazza no es tan solo una marca, es un equipo de personas unidas por una gran pasi\u00f3n que las impulsa a ofrecer d\u00eda tras d\u00eda una calidad que, cada vez m\u00e1s a menudo, se traduce en la producci\u00f3n de equipos de altas prestaciones y dise\u00f1o avanzado, concebidos y fabricados en los centros de producci\u00f3n empleando competencias artesanales especializadas y soluciones tecnol\u00f3gicas innovadoras.<\/span><span style=\"font-weight: 400;\"><br \/>\n<\/span><\/p>\n<p><span style=\"font-weight: 400;\">La de Barazza es una aventura que arranc\u00f3 en 1968 en Santa Lucia di Piave, en el distrito del Inox Valley. Hoy en d\u00eda es una empresa muy activa con el departamento de producci\u00f3n, las oficinas, el laboratorio de investigaci\u00f3n y desarrollo, el amplio showroom y la zona dedicada a los eventos culinarios.<\/span><\/p>\n","protected":false},"excerpt":{"rendered":"<p>UNA HISTORIA QUE LLEVA 50 A\u00d1OS HABLANDO DE FUTURO Barazza no es tan solo una marca, es un equipo de&#8230;<\/p>\n","protected":false},"author":1,"featured_media":36030,"parent":11098,"menu_order":181,"comment_status":"closed","ping_status":"closed","template":"page-storia.php","meta":[],"acf":[],"_links":{"self":[{"href":"https:\/\/barazza.comunicazione21.com\/es\/wp-json\/wp\/v2\/pages\/11099"}],"collection":[{"href":"https:\/\/barazza.comunicazione21.com\/es\/wp-json\/wp\/v2\/pages"}],"about":[{"href":"https:\/\/barazza.comunicazione21.com\/es\/wp-json\/wp\/v2\/types\/page"}],"author":[{"embeddable":true,"href":"https:\/\/barazza.comunicazione21.com\/es\/wp-json\/wp\/v2\/users\/1"}],"replies":[{"embeddable":true,"href":"https:\/\/barazza.comunicazione21.com\/es\/wp-json\/wp\/v2\/comments?post=11099"}],"version-history":[{"count":1,"href":"https:\/\/barazza.comunicazione21.com\/es\/wp-json\/wp\/v2\/pages\/11099\/revisions"}],"predecessor-version":[{"id":83425,"href":"https:\/\/barazza.comunicazione21.com\/es\/wp-json\/wp\/v2\/pages\/11099\/revisions\/83425"}],"up":[{"embeddable":true,"href":"https:\/\/barazza.comunicazione21.com\/es\/wp-json\/wp\/v2\/pages\/11098"}],"wp:featuredmedia":[{"embeddable":true,"href":"https:\/\/barazza.comunicazione21.com\/es\/wp-json\/wp\/v2\/media\/36030"}],"wp:attachment":[{"href":"https:\/\/barazza.comunicazione21.com\/es\/wp-json\/wp\/v2\/media?parent=11099"}],"curies":[{"name":"wp","href":"https:\/\/api.w.org\/{rel}","templated":true}]}}