	{"id":11098,"date":"2014-05-22T18:02:50","date_gmt":"2014-05-22T16:02:50","guid":{"rendered":"https:\/\/barazza.comunicazione21.com\/barazza-company\/"},"modified":"2019-07-30T15:19:15","modified_gmt":"2019-07-30T13:19:15","slug":"company","status":"publish","type":"page","link":"https:\/\/barazza.comunicazione21.com\/es\/company\/","title":{"rendered":"Company"},"content":{"rendered":"<p><strong>Barazza<\/strong> no es s\u00f3lo una marca de <strong>electrodom\u00e9sticos.<\/strong> A\u00fan antes, el nombre de la familia de emprendedores italianos ha dado lugar a una realidad que en este sector de la industria es sin\u00f3nimo de equipos de <strong>elevado rendimiento<\/strong> y <strong>dise\u00f1o de avanzada<\/strong>.<\/p>\n<p>Es el resultado de un compromiso que dura desde hace cincuenta a\u00f1os y que tiene sus ra\u00edces en un f\u00e9rtil terreno empresarial, que desde las d\u00e9cadas posteriores a la Segunda Guerra Mundial ha visto crecer una verdadera <strong>cultura de electrodom\u00e9sticos<\/strong>.<\/p>\n<p>Barazza satisface las expectativas de un consumidor exigente y atento a las evoluciones del gusto, dise\u00f1ando y fabricando productos exclusivos en los que la<strong>innovaci\u00f3n del estilo<\/strong> va de la mano con la capacidad de aportar <strong>soluciones tecnol\u00f3gicas de vanguardia<\/strong> a las necesidades cotidianas.<\/p>\n","protected":false},"excerpt":{"rendered":"<p>Barazza no es s\u00f3lo una marca de electrodom\u00e9sticos. A\u00fan antes, el nombre de la familia de emprendedores italianos ha dado&#8230;<\/p>\n","protected":false},"author":1,"featured_media":0,"parent":0,"menu_order":197,"comment_status":"closed","ping_status":"closed","template":"","meta":[],"acf":[],"_links":{"self":[{"href":"https:\/\/barazza.comunicazione21.com\/es\/wp-json\/wp\/v2\/pages\/11098"}],"collection":[{"href":"https:\/\/barazza.comunicazione21.com\/es\/wp-json\/wp\/v2\/pages"}],"about":[{"href":"https:\/\/barazza.comunicazione21.com\/es\/wp-json\/wp\/v2\/types\/page"}],"author":[{"embeddable":true,"href":"https:\/\/barazza.comunicazione21.com\/es\/wp-json\/wp\/v2\/users\/1"}],"replies":[{"embeddable":true,"href":"https:\/\/barazza.comunicazione21.com\/es\/wp-json\/wp\/v2\/comments?post=11098"}],"version-history":[{"count":0,"href":"https:\/\/barazza.comunicazione21.com\/es\/wp-json\/wp\/v2\/pages\/11098\/revisions"}],"wp:attachment":[{"href":"https:\/\/barazza.comunicazione21.com\/es\/wp-json\/wp\/v2\/media?parent=11098"}],"curies":[{"name":"wp","href":"https:\/\/api.w.org\/{rel}","templated":true}]}}