	{"id":11096,"date":"2014-05-22T18:01:50","date_gmt":"2014-05-22T16:01:50","guid":{"rendered":"https:\/\/barazza.comunicazione21.com\/prodotti\/cucine-moderne\/"},"modified":"2019-07-31T15:58:10","modified_gmt":"2019-07-31T13:58:10","slug":"gama-de-productos","status":"publish","type":"page","link":"https:\/\/barazza.comunicazione21.com\/es\/productos\/gama-de-productos\/","title":{"rendered":"Gama de productos"},"content":{"rendered":"<p><strong>Cocinas modernas y contempor\u00e1neas, peque\u00f1as o grandes, con isla, pen\u00ednsula, lineal o de esquina<\/strong>: los electrodom\u00e9sticos Barazza tienen la particularidad de ser totalmente combinables entre s\u00ed, en modo de respetar el concepto central de la marca: crear <strong>un ambiente de cocina coordinado.<\/strong><\/p>\n<p>La <strong>gama de productos de Barazza<\/strong> incluye hornos, placas de cocci\u00f3n, fregaderos, grifer\u00edas, campanas y accesorios con el objetivo de satisfacer a consumidores exigentes que desean expresar su creatividad en la cocina.<\/p>\n","protected":false},"excerpt":{"rendered":"<p>Cocinas modernas y contempor\u00e1neas, peque\u00f1as o grandes, con isla, pen\u00ednsula, lineal o de esquina: los electrodom\u00e9sticos Barazza tienen la particularidad&#8230;<\/p>\n","protected":false},"author":1,"featured_media":0,"parent":11081,"menu_order":175,"comment_status":"closed","ping_status":"closed","template":"page-gamma.php","meta":[],"acf":[],"_links":{"self":[{"href":"https:\/\/barazza.comunicazione21.com\/es\/wp-json\/wp\/v2\/pages\/11096"}],"collection":[{"href":"https:\/\/barazza.comunicazione21.com\/es\/wp-json\/wp\/v2\/pages"}],"about":[{"href":"https:\/\/barazza.comunicazione21.com\/es\/wp-json\/wp\/v2\/types\/page"}],"author":[{"embeddable":true,"href":"https:\/\/barazza.comunicazione21.com\/es\/wp-json\/wp\/v2\/users\/1"}],"replies":[{"embeddable":true,"href":"https:\/\/barazza.comunicazione21.com\/es\/wp-json\/wp\/v2\/comments?post=11096"}],"version-history":[{"count":0,"href":"https:\/\/barazza.comunicazione21.com\/es\/wp-json\/wp\/v2\/pages\/11096\/revisions"}],"up":[{"embeddable":true,"href":"https:\/\/barazza.comunicazione21.com\/es\/wp-json\/wp\/v2\/pages\/11081"}],"wp:attachment":[{"href":"https:\/\/barazza.comunicazione21.com\/es\/wp-json\/wp\/v2\/media?parent=11096"}],"curies":[{"name":"wp","href":"https:\/\/api.w.org\/{rel}","templated":true}]}}