	{"id":11094,"date":"2018-04-12T17:16:53","date_gmt":"2018-04-12T15:16:53","guid":{"rendered":"https:\/\/barazza.comunicazione21.com\/prodotti\/cucine-componibili\/mood-fusion\/mood-fusion-guida\/"},"modified":"2022-06-15T12:40:31","modified_gmt":"2022-06-15T10:40:31","slug":"guia-mood-fusion","status":"publish","type":"page","link":"https:\/\/barazza.comunicazione21.com\/es\/productos\/fusion\/mood-fusion\/guia-mood-fusion\/","title":{"rendered":"Gu\u00eda Mood Fusion"},"content":{"rendered":"<p><span style=\"font-weight: 400;\">Dise\u00f1ar una cocina en l\u00ednea puede parecer una tarea compleja para quienes carecen de competencias t\u00e9cnicas o profesionales espec\u00edficas, sobre todo cuando se trata de elementos particulares como una encimera hecha a medida, con medidas predefinidas y detalles que se deben adaptar a los espacios disponibles.<\/span><\/p>\n<p><span style=\"font-weight: 400;\">Sin embargo, con las soluciones de Barazza, dise\u00f1ar una cocina modular en l\u00ednea es m\u00e1s sencillo que nunca: gracias a los configuradores Mood Fusion, Lab Fusion y B_Free Fusion, cualquiera puede crear su propia cocina seg\u00fan sus gustos y necesidades. Solo tienes que acceder al programa en l\u00ednea y seleccionar los productos que quieras, indicando las medidas y especificaciones, para obtener tu encimera personalizada.<\/span><\/p>\n<p><span style=\"font-weight: 400;\">Mood Fusion es una encimera de encastre que contiene todas las funciones en un \u00fanico espacio de puro dise\u00f1o. Est\u00e1 disponible en las profundidades de 45 y 51. Longitud m\u00e1xima 2360 mm, acero inoxidable AISI 304, espesor 4 mm.<\/span><\/p>\n<p><span style=\"font-weight: 400;\">El configurador Mood Fusion te permite combinar con eficacia los distintos tipos de placas de cocci\u00f3n y fregaderos cuadrados Mood, escogiendo los tama\u00f1os y las caracter\u00edsticas para dise\u00f1ar en l\u00ednea una cocina que se ajuste a tus necesidades.<\/span><\/p>\n<p><span style=\"font-weight: 400;\">Despu\u00e9s de crear tu propia placa de cocci\u00f3n a medida, puedes descargar un resumen de los productos seleccionados, con medidas y detalles, junto con una vista en 3D de la placa de cocci\u00f3n.<\/span><\/p>\n<p><span style=\"font-weight: 400;\">Si quieres, tambi\u00e9n puedes enviar a la empresa una solicitud instant\u00e1nea para recibir un presupuesto basado en el proyecto configurado.<\/span><\/p>\n<p><span style=\"font-weight: 400;\">\u00a1Dise\u00f1ar una cocina en l\u00ednea es m\u00e1s f\u00e1cil que nunca!<\/span><\/p>\n","protected":false},"excerpt":{"rendered":"<p>Dise\u00f1ar una cocina en l\u00ednea puede parecer una tarea compleja para quienes carecen de competencias t\u00e9cnicas o profesionales espec\u00edficas, sobre&#8230;<\/p>\n","protected":false},"author":1,"featured_media":0,"parent":11092,"menu_order":163,"comment_status":"closed","ping_status":"closed","template":"page-configuratore.php","meta":[],"acf":[],"_links":{"self":[{"href":"https:\/\/barazza.comunicazione21.com\/es\/wp-json\/wp\/v2\/pages\/11094"}],"collection":[{"href":"https:\/\/barazza.comunicazione21.com\/es\/wp-json\/wp\/v2\/pages"}],"about":[{"href":"https:\/\/barazza.comunicazione21.com\/es\/wp-json\/wp\/v2\/types\/page"}],"author":[{"embeddable":true,"href":"https:\/\/barazza.comunicazione21.com\/es\/wp-json\/wp\/v2\/users\/1"}],"replies":[{"embeddable":true,"href":"https:\/\/barazza.comunicazione21.com\/es\/wp-json\/wp\/v2\/comments?post=11094"}],"version-history":[{"count":0,"href":"https:\/\/barazza.comunicazione21.com\/es\/wp-json\/wp\/v2\/pages\/11094\/revisions"}],"up":[{"embeddable":true,"href":"https:\/\/barazza.comunicazione21.com\/es\/wp-json\/wp\/v2\/pages\/11092"}],"wp:attachment":[{"href":"https:\/\/barazza.comunicazione21.com\/es\/wp-json\/wp\/v2\/media?parent=11094"}],"curies":[{"name":"wp","href":"https:\/\/api.w.org\/{rel}","templated":true}]}}