	{"id":11091,"date":"2014-06-03T11:31:39","date_gmt":"2014-06-03T09:31:39","guid":{"rendered":"https:\/\/barazza.comunicazione21.com\/prodotti\/cucine-componibili\/lab-fusion\/progettare-una-cucina-online\/"},"modified":"2022-06-15T12:33:31","modified_gmt":"2022-06-15T10:33:31","slug":"guia-lab-fusion","status":"publish","type":"page","link":"https:\/\/barazza.comunicazione21.com\/es\/productos\/fusion\/lab-fusion\/guia-lab-fusion\/","title":{"rendered":"Gu\u00eda Lab Fusion"},"content":{"rendered":"<p>Dise\u00f1ar una encimera de cocina en l\u00ednea puede parecer una tarea dif\u00edcil para quienes carecen de competencias t\u00e9cnicas o profesionales espec\u00edficas.<\/p>\n<p>Sin embargo, con las soluciones de Barazza, dise\u00f1ar una encimera de cocina en l\u00ednea es m\u00e1s f\u00e1cil que nunca gracias a los configuradores Lab y B_Free Fusion, que te permiten crear tu propia encimera seg\u00fan tus gustos y necesidades.<\/p>\n<p>Solo tienes que ir al configurador en l\u00ednea y seleccionar los productos que quieras, indicando las medidas y especificaciones para obtener tu encimera personalizada.<\/p>\n<p>Los productos Lab de Barazza se caracterizan por su elegancia, su funcionalidad y sus superficies a filo. Se pueden integrar c\u00f3modamente accesorios de acero inoxidable como tablas de cortar deslizantes y rejillas.<\/p>\n<p>El configurador Lab Fusion te permite combinar los distintos tipos de placas de cocci\u00f3n y fregaderos cuadrados Lab, escogiendo el tama\u00f1o y las caracter\u00edsticas para dise\u00f1ar en l\u00ednea una cocina que se ajuste a tus necesidades.<\/p>\n<p>Despu\u00e9s de crear tu encimera, puedes descargar un resumen de los productos seleccionados, con medidas y detalles, junto con una vista en 3D de la encimera.<\/p>\n<p>Si quieres, tambi\u00e9n pueden solicitar a la empresa un presupuesto instant\u00e1neo para tu proyecto.<\/p>\n<p>\u00a1Dise\u00f1ar una encimera en l\u00ednea es m\u00e1s f\u00e1cil que nunca!<\/p>\n","protected":false},"excerpt":{"rendered":"<p>Dise\u00f1ar una encimera de cocina en l\u00ednea puede parecer una tarea dif\u00edcil para quienes carecen de competencias t\u00e9cnicas o profesionales&#8230;<\/p>\n","protected":false},"author":1,"featured_media":0,"parent":11089,"menu_order":139,"comment_status":"closed","ping_status":"closed","template":"page-configuratore.php","meta":[],"acf":[],"_links":{"self":[{"href":"https:\/\/barazza.comunicazione21.com\/es\/wp-json\/wp\/v2\/pages\/11091"}],"collection":[{"href":"https:\/\/barazza.comunicazione21.com\/es\/wp-json\/wp\/v2\/pages"}],"about":[{"href":"https:\/\/barazza.comunicazione21.com\/es\/wp-json\/wp\/v2\/types\/page"}],"author":[{"embeddable":true,"href":"https:\/\/barazza.comunicazione21.com\/es\/wp-json\/wp\/v2\/users\/1"}],"replies":[{"embeddable":true,"href":"https:\/\/barazza.comunicazione21.com\/es\/wp-json\/wp\/v2\/comments?post=11091"}],"version-history":[{"count":0,"href":"https:\/\/barazza.comunicazione21.com\/es\/wp-json\/wp\/v2\/pages\/11091\/revisions"}],"up":[{"embeddable":true,"href":"https:\/\/barazza.comunicazione21.com\/es\/wp-json\/wp\/v2\/pages\/11089"}],"wp:attachment":[{"href":"https:\/\/barazza.comunicazione21.com\/es\/wp-json\/wp\/v2\/media?parent=11091"}],"curies":[{"name":"wp","href":"https:\/\/api.w.org\/{rel}","templated":true}]}}