	{"id":11088,"date":"2014-06-03T11:29:14","date_gmt":"2014-06-03T09:29:14","guid":{"rendered":"https:\/\/barazza.comunicazione21.com\/prodotti\/cucine-componibili\/b_free-fusion\/progettare-una-cucina\/"},"modified":"2022-06-15T12:24:32","modified_gmt":"2022-06-15T10:24:32","slug":"guia-b_free-fusion","status":"publish","type":"page","link":"https:\/\/barazza.comunicazione21.com\/es\/productos\/fusion\/b_free-fusion\/guia-b_free-fusion\/","title":{"rendered":"Gu\u00eda B_Free Fusion"},"content":{"rendered":"<p><span style=\"font-weight: 400;\">Dise\u00f1ar una encimera de cocina en l\u00ednea puede parecer una tarea dif\u00edcil para quienes carecen de competencias t\u00e9cnicas o profesionales espec\u00edficas.<\/span><\/p>\n<p><span style=\"font-weight: 400;\">Sin embargo, con las soluciones de Barazza, dise\u00f1ar una encimera de cocina en l\u00ednea es m\u00e1s f\u00e1cil que nunca gracias a los configuradores Lab y B_Free Fusion, que te permiten crear tu propia encimera seg\u00fan tus gustos y necesidades. Solo tienes que ir al configurador en l\u00ednea y seleccionar los productos que quieras, indicando las medidas y especificaciones para obtener tu encimera personalizada.<\/span><\/p>\n<p><span style=\"font-weight: 400;\">Los productos B_Free de Barazza son sumamente pr\u00e1cticos: un sistema modular de hornos, placas de cocci\u00f3n y fregaderos que se combinan para crear una encimera de encastre basada en los requisitos m\u00e1s personales.<\/span><span style=\"font-weight: 400;\"><br \/>\n<\/span><\/p>\n<p><span style=\"font-weight: 400;\">El programa modular B_Free ha evolucionado para dar vida a B_Free Fusion, un proyecto que permite la m\u00e1xima personalizaci\u00f3n de la encimera, equip\u00e1ndola con elementos que cumplen cualquier requisito y creando una encimera de encastre de acero inoxidable que resulta \u00fanica e integra todas las funciones.<\/span><\/p>\n<p><span style=\"font-weight: 400;\">Despu\u00e9s de crear tu encimera, puedes descargar un resumen de los productos seleccionados, con medidas y detalles, junto con una vista en 3D de la encimera.<\/span><\/p>\n<p><span style=\"font-weight: 400;\">Si quieres, tambi\u00e9n pueden solicitar a la empresa un presupuesto instant\u00e1neo para tu proyecto.<\/span><\/p>\n","protected":false},"excerpt":{"rendered":"<p>Dise\u00f1ar una encimera de cocina en l\u00ednea puede parecer una tarea dif\u00edcil para quienes carecen de competencias t\u00e9cnicas o profesionales&#8230;<\/p>\n","protected":false},"author":1,"featured_media":0,"parent":11086,"menu_order":120,"comment_status":"closed","ping_status":"closed","template":"page-configuratore.php","meta":[],"acf":[],"_links":{"self":[{"href":"https:\/\/barazza.comunicazione21.com\/es\/wp-json\/wp\/v2\/pages\/11088"}],"collection":[{"href":"https:\/\/barazza.comunicazione21.com\/es\/wp-json\/wp\/v2\/pages"}],"about":[{"href":"https:\/\/barazza.comunicazione21.com\/es\/wp-json\/wp\/v2\/types\/page"}],"author":[{"embeddable":true,"href":"https:\/\/barazza.comunicazione21.com\/es\/wp-json\/wp\/v2\/users\/1"}],"replies":[{"embeddable":true,"href":"https:\/\/barazza.comunicazione21.com\/es\/wp-json\/wp\/v2\/comments?post=11088"}],"version-history":[{"count":0,"href":"https:\/\/barazza.comunicazione21.com\/es\/wp-json\/wp\/v2\/pages\/11088\/revisions"}],"up":[{"embeddable":true,"href":"https:\/\/barazza.comunicazione21.com\/es\/wp-json\/wp\/v2\/pages\/11086"}],"wp:attachment":[{"href":"https:\/\/barazza.comunicazione21.com\/es\/wp-json\/wp\/v2\/media?parent=11088"}],"curies":[{"name":"wp","href":"https:\/\/api.w.org\/{rel}","templated":true}]}}