	{"id":11086,"date":"2014-06-03T11:28:01","date_gmt":"2014-06-03T09:28:01","guid":{"rendered":"https:\/\/barazza.comunicazione21.com\/prodotti\/cucine-componibili\/b_free-fusion\/"},"modified":"2022-06-15T14:24:25","modified_gmt":"2022-06-15T12:24:25","slug":"b_free-fusion","status":"publish","type":"page","link":"https:\/\/barazza.comunicazione21.com\/es\/productos\/fusion\/b_free-fusion\/","title":{"rendered":"B_Free Fusion"},"content":{"rendered":"<p><b>TU PROPIA ENCIMERA DE ENCASTRE PERSONALIZADA<\/b><\/p>\n<p><strong>B_Free Fusion<\/strong> es el resultado de la evoluci\u00f3n del programa modular B_Free, un proyecto que permite personalizar al m\u00e1ximo la encimera para que pueda equiparse con los elementos que mejor se adapten a las espec\u00edficas necesidades, obteniendo una <strong>\u00fanica encimera de acero empotrada<\/strong> en la que se integran todas las funciones.<\/p>\n<p>La encimera empotrada B_Free Fusion puede estar compuesta por muchos productos B_Free, incluyendo diferentes tipos de <strong>cocci\u00f3n por gas o a inducci\u00f3n<\/strong> con la posibilidad adicional de integrar encimeras especiales como la <strong>barbacoa<\/strong> o el <strong>teppanyaki<\/strong>, combinadas con <strong>cubetas cuadradas de varios tama\u00f1os<\/strong> y con caracter\u00edsticas especiales.<\/p>\n","protected":false},"excerpt":{"rendered":"<p>TU PROPIA ENCIMERA DE ENCASTRE PERSONALIZADA B_Free Fusion es el resultado de la evoluci\u00f3n del programa modular B_Free, un proyecto&#8230;<\/p>\n","protected":false},"author":1,"featured_media":35942,"parent":11085,"menu_order":107,"comment_status":"closed","ping_status":"closed","template":"page-fusion-bfree.php","meta":[],"acf":[],"_links":{"self":[{"href":"https:\/\/barazza.comunicazione21.com\/es\/wp-json\/wp\/v2\/pages\/11086"}],"collection":[{"href":"https:\/\/barazza.comunicazione21.com\/es\/wp-json\/wp\/v2\/pages"}],"about":[{"href":"https:\/\/barazza.comunicazione21.com\/es\/wp-json\/wp\/v2\/types\/page"}],"author":[{"embeddable":true,"href":"https:\/\/barazza.comunicazione21.com\/es\/wp-json\/wp\/v2\/users\/1"}],"replies":[{"embeddable":true,"href":"https:\/\/barazza.comunicazione21.com\/es\/wp-json\/wp\/v2\/comments?post=11086"}],"version-history":[{"count":0,"href":"https:\/\/barazza.comunicazione21.com\/es\/wp-json\/wp\/v2\/pages\/11086\/revisions"}],"up":[{"embeddable":true,"href":"https:\/\/barazza.comunicazione21.com\/es\/wp-json\/wp\/v2\/pages\/11085"}],"wp:featuredmedia":[{"embeddable":true,"href":"https:\/\/barazza.comunicazione21.com\/es\/wp-json\/wp\/v2\/media\/35942"}],"wp:attachment":[{"href":"https:\/\/barazza.comunicazione21.com\/es\/wp-json\/wp\/v2\/media?parent=11086"}],"curies":[{"name":"wp","href":"https:\/\/api.w.org\/{rel}","templated":true}]}}