	{"id":11085,"date":"2014-06-03T11:27:09","date_gmt":"2014-06-03T09:27:09","guid":{"rendered":"https:\/\/barazza.comunicazione21.com\/prodotti\/cucine-componibili\/"},"modified":"2022-10-27T09:46:25","modified_gmt":"2022-10-27T07:46:25","slug":"fusion","status":"publish","type":"page","link":"https:\/\/barazza.comunicazione21.com\/es\/productos\/fusion\/","title":{"rendered":"Fusion"},"content":{"rendered":"<p><span lang=\"es-ES\">Fusion es un espacio de dise\u00f1o puro que concentra todas las funciones necesarias para una cocina moderna en una \u00fanica encimera de encastre de acero. Combinando los elementos de cocci\u00f3n y lavado con medidas y acabados personalizados, se obtienen soluciones in\u00e9ditas para cocinas modulares y muy exclusivas.<\/span><\/p>\n<p><span lang=\"es-ES\">El sistema de cocinas modulares Fusion se completa con el a\u00f1adido de una campana, cuya repisa se puede personalizar seg\u00fan se necesite.<\/span><\/p>\n<p>.<\/p>\n","protected":false},"excerpt":{"rendered":"<p>Fusion es un espacio de dise\u00f1o puro que concentra todas las funciones necesarias para una cocina moderna en una \u00fanica&#8230;<\/p>\n","protected":false},"author":1,"featured_media":37862,"parent":11081,"menu_order":88,"comment_status":"closed","ping_status":"closed","template":"page-fusion.php","meta":[],"acf":[],"_links":{"self":[{"href":"https:\/\/barazza.comunicazione21.com\/es\/wp-json\/wp\/v2\/pages\/11085"}],"collection":[{"href":"https:\/\/barazza.comunicazione21.com\/es\/wp-json\/wp\/v2\/pages"}],"about":[{"href":"https:\/\/barazza.comunicazione21.com\/es\/wp-json\/wp\/v2\/types\/page"}],"author":[{"embeddable":true,"href":"https:\/\/barazza.comunicazione21.com\/es\/wp-json\/wp\/v2\/users\/1"}],"replies":[{"embeddable":true,"href":"https:\/\/barazza.comunicazione21.com\/es\/wp-json\/wp\/v2\/comments?post=11085"}],"version-history":[{"count":1,"href":"https:\/\/barazza.comunicazione21.com\/es\/wp-json\/wp\/v2\/pages\/11085\/revisions"}],"predecessor-version":[{"id":82236,"href":"https:\/\/barazza.comunicazione21.com\/es\/wp-json\/wp\/v2\/pages\/11085\/revisions\/82236"}],"up":[{"embeddable":true,"href":"https:\/\/barazza.comunicazione21.com\/es\/wp-json\/wp\/v2\/pages\/11081"}],"wp:featuredmedia":[{"embeddable":true,"href":"https:\/\/barazza.comunicazione21.com\/es\/wp-json\/wp\/v2\/media\/37862"}],"wp:attachment":[{"href":"https:\/\/barazza.comunicazione21.com\/es\/wp-json\/wp\/v2\/media?parent=11085"}],"curies":[{"name":"wp","href":"https:\/\/api.w.org\/{rel}","templated":true}]}}