	{"id":11084,"date":"2014-05-23T11:42:16","date_gmt":"2014-05-23T09:42:16","guid":{"rendered":"https:\/\/barazza.comunicazione21.com\/prodotti\/cucina-completa\/"},"modified":"2022-06-15T11:40:34","modified_gmt":"2022-06-15T09:40:34","slug":"collecciones","status":"publish","type":"page","link":"https:\/\/barazza.comunicazione21.com\/es\/productos\/collecciones\/","title":{"rendered":"Collecciones"},"content":{"rendered":"<p><span lang=\"es-ES\">Las colecciones de Barazza, concebidas para amueblar por completo una cocina, incluyen elegantes sistemas de hornos, placas de cocci\u00f3n, fregaderos, campanas, grifos y accesorios, dise\u00f1ados y fabricados para integrarse en una est\u00e9tica muy distintiva. Desde los detalles a juego, los diferentes tipos de borde y el acabado acero hasta los mandos giratorios y accesorios espec\u00edficos, cada elemento a\u00f1ade valor y personalidad, haciendo de cada cocina un proyecto \u00fanico.<\/span><\/p>\n","protected":false},"excerpt":{"rendered":"<p>Las colecciones de Barazza, concebidas para amueblar por completo una cocina, incluyen elegantes sistemas de hornos, placas de cocci\u00f3n, fregaderos,&#8230;<\/p>\n","protected":false},"author":1,"featured_media":37926,"parent":11081,"menu_order":100,"comment_status":"closed","ping_status":"closed","template":"page-collezione.php","meta":[],"acf":[],"_links":{"self":[{"href":"https:\/\/barazza.comunicazione21.com\/es\/wp-json\/wp\/v2\/pages\/11084"}],"collection":[{"href":"https:\/\/barazza.comunicazione21.com\/es\/wp-json\/wp\/v2\/pages"}],"about":[{"href":"https:\/\/barazza.comunicazione21.com\/es\/wp-json\/wp\/v2\/types\/page"}],"author":[{"embeddable":true,"href":"https:\/\/barazza.comunicazione21.com\/es\/wp-json\/wp\/v2\/users\/1"}],"replies":[{"embeddable":true,"href":"https:\/\/barazza.comunicazione21.com\/es\/wp-json\/wp\/v2\/comments?post=11084"}],"version-history":[{"count":0,"href":"https:\/\/barazza.comunicazione21.com\/es\/wp-json\/wp\/v2\/pages\/11084\/revisions"}],"up":[{"embeddable":true,"href":"https:\/\/barazza.comunicazione21.com\/es\/wp-json\/wp\/v2\/pages\/11081"}],"wp:featuredmedia":[{"embeddable":true,"href":"https:\/\/barazza.comunicazione21.com\/es\/wp-json\/wp\/v2\/media\/37926"}],"wp:attachment":[{"href":"https:\/\/barazza.comunicazione21.com\/es\/wp-json\/wp\/v2\/media?parent=11084"}],"curies":[{"name":"wp","href":"https:\/\/api.w.org\/{rel}","templated":true}]}}