	{"id":11083,"date":"2014-06-03T11:50:22","date_gmt":"2014-06-03T09:50:22","guid":{"rendered":"https:\/\/barazza.comunicazione21.com\/prodotti\/cucine-su-misura\/cucine-personalizzate\/"},"modified":"2019-07-30T15:18:59","modified_gmt":"2019-07-30T13:18:59","slug":"realizaciones-fuoriserie","status":"publish","type":"page","link":"https:\/\/barazza.comunicazione21.com\/es\/productos\/hecho-a-medida\/realizaciones-fuoriserie\/","title":{"rendered":"Realizaciones Fuoriserie"},"content":{"rendered":"<p>Ejemplos de <strong>soluciones personalizadas<\/strong> realizadas por Barazza se pueden encontrar en los siguientes \u00e1lbumes de fotos: la eficaz colaboraci\u00f3n con arquitectos, dise\u00f1adores y empresas de muebles ha contribuido a la creaci\u00f3n de <strong>composiciones de muebles \u00fanicos<\/strong>, originales y perfectamente adecuados a las necesidades del cliente.<\/p>\n<p>La versatilidad del acero inoxidable, la elegancia de las l\u00edneas y el refinamiento de los detalles permiten la creaci\u00f3n de <strong>elementos personalizados de fina factura<\/strong> que se adaptan con gusto en cualquier contexto, dando sofisticaci\u00f3n y personalidad al ambiente.<\/p>\n","protected":false},"excerpt":{"rendered":"<p>Ejemplos de soluciones personalizadas realizadas por Barazza se pueden encontrar en los siguientes \u00e1lbumes de fotos: la eficaz colaboraci\u00f3n con&#8230;<\/p>\n","protected":false},"author":1,"featured_media":0,"parent":11082,"menu_order":93,"comment_status":"closed","ping_status":"closed","template":"","meta":[],"acf":[],"_links":{"self":[{"href":"https:\/\/barazza.comunicazione21.com\/es\/wp-json\/wp\/v2\/pages\/11083"}],"collection":[{"href":"https:\/\/barazza.comunicazione21.com\/es\/wp-json\/wp\/v2\/pages"}],"about":[{"href":"https:\/\/barazza.comunicazione21.com\/es\/wp-json\/wp\/v2\/types\/page"}],"author":[{"embeddable":true,"href":"https:\/\/barazza.comunicazione21.com\/es\/wp-json\/wp\/v2\/users\/1"}],"replies":[{"embeddable":true,"href":"https:\/\/barazza.comunicazione21.com\/es\/wp-json\/wp\/v2\/comments?post=11083"}],"version-history":[{"count":0,"href":"https:\/\/barazza.comunicazione21.com\/es\/wp-json\/wp\/v2\/pages\/11083\/revisions"}],"up":[{"embeddable":true,"href":"https:\/\/barazza.comunicazione21.com\/es\/wp-json\/wp\/v2\/pages\/11082"}],"wp:attachment":[{"href":"https:\/\/barazza.comunicazione21.com\/es\/wp-json\/wp\/v2\/media?parent=11083"}],"curies":[{"name":"wp","href":"https:\/\/api.w.org\/{rel}","templated":true}]}}