	{"id":11082,"date":"2014-06-03T11:38:28","date_gmt":"2014-06-03T09:38:28","guid":{"rendered":"https:\/\/barazza.comunicazione21.com\/prodotti\/cucine-su-misura\/"},"modified":"2022-06-15T14:43:57","modified_gmt":"2022-06-15T12:43:57","slug":"hecho-a-medida","status":"publish","type":"page","link":"https:\/\/barazza.comunicazione21.com\/es\/productos\/hecho-a-medida\/","title":{"rendered":"Hecho a medida"},"content":{"rendered":"<p><span style=\"font-weight: 400;\">Los productos Hecho a medida son la m\u00e1xima expresi\u00f3n del potencial de Barazza que, gracias a sus conocimientos t\u00e9cnicos, es capaz de dar infinitas formas a la materia. Combinando los elementos de cocci\u00f3n y lavado con dimensiones y acabados personalizados, es posible obtener soluciones perfectamente a medida adaptadas siguiendo las necesidades y deseos de los clientes. La experiencia italiana, la sensibilidad por la belleza y la importancia dada a la funcionalidad: de ah\u00ed nace el deseo de crear cocinas a medida que satisfagan no solo las necesidades personales, funcionales, est\u00e9ticas y de valor, sino mucho m\u00e1s.<\/span><\/p>\n","protected":false},"excerpt":{"rendered":"<p>Los productos Hecho a medida son la m\u00e1xima expresi\u00f3n del potencial de Barazza que, gracias a sus conocimientos t\u00e9cnicos, es&#8230;<\/p>\n","protected":false},"author":1,"featured_media":45822,"parent":11081,"menu_order":82,"comment_status":"closed","ping_status":"closed","template":"page-fuoriserie.php","meta":[],"acf":[],"_links":{"self":[{"href":"https:\/\/barazza.comunicazione21.com\/es\/wp-json\/wp\/v2\/pages\/11082"}],"collection":[{"href":"https:\/\/barazza.comunicazione21.com\/es\/wp-json\/wp\/v2\/pages"}],"about":[{"href":"https:\/\/barazza.comunicazione21.com\/es\/wp-json\/wp\/v2\/types\/page"}],"author":[{"embeddable":true,"href":"https:\/\/barazza.comunicazione21.com\/es\/wp-json\/wp\/v2\/users\/1"}],"replies":[{"embeddable":true,"href":"https:\/\/barazza.comunicazione21.com\/es\/wp-json\/wp\/v2\/comments?post=11082"}],"version-history":[{"count":0,"href":"https:\/\/barazza.comunicazione21.com\/es\/wp-json\/wp\/v2\/pages\/11082\/revisions"}],"up":[{"embeddable":true,"href":"https:\/\/barazza.comunicazione21.com\/es\/wp-json\/wp\/v2\/pages\/11081"}],"wp:featuredmedia":[{"embeddable":true,"href":"https:\/\/barazza.comunicazione21.com\/es\/wp-json\/wp\/v2\/media\/45822"}],"wp:attachment":[{"href":"https:\/\/barazza.comunicazione21.com\/es\/wp-json\/wp\/v2\/media?parent=11082"}],"curies":[{"name":"wp","href":"https:\/\/api.w.org\/{rel}","templated":true}]}}