	{"id":11080,"date":"2014-05-22T17:59:41","date_gmt":"2014-05-22T15:59:41","guid":{"rendered":"https:\/\/barazza.comunicazione21.com\/home\/"},"modified":"2022-09-28T12:08:18","modified_gmt":"2022-09-28T10:08:18","slug":"home","status":"publish","type":"page","link":"https:\/\/barazza.comunicazione21.com\/es\/home\/","title":{"rendered":"Home"},"content":{"rendered":"<h1>Cocinas Barazza, cocinas preciadas<\/h1>\n<p><strong>Cocinas<\/strong> que se integran perfectamente en cualquier ambiente dom\u00e9stico o profesional. Soluciones para la casa de sus sue\u00f1os, para restaurantes o locales.<\/p>\n<p>Una <strong>gama completa y combinable de electrodom\u00e9sticos<\/strong> para su cocina: fregaderos, cubetas cuadradas y grifos, placas de cocci\u00f3n, hornos y microondas, campanas, accesorios y complementos que se pueden componer o adquirir por separado, en variantes que se adaptan a cualquier necesidad de espacio y de caracter\u00edsticas t\u00e9cnicas.<\/p>\n<p><strong>Cocinas modernas, cl\u00e1sicas, grandes y peque\u00f1as<\/strong>; ambientes con estilo contempor\u00e1neo o rom\u00e1ntico; cocinas con isla o pen\u00ednsula, lineales o de esquina: en Barazza encontrar\u00e1 la soluci\u00f3n que est\u00e1 buscando, en perfecta armon\u00eda con el estilo de sus espacios de vida o de trabajo.<\/p>\n","protected":false},"excerpt":{"rendered":"<p>Cocinas Barazza, cocinas preciadas Cocinas que se integran perfectamente en cualquier ambiente dom\u00e9stico o profesional. Soluciones para la casa de&#8230;<\/p>\n","protected":false},"author":1,"featured_media":0,"parent":0,"menu_order":43,"comment_status":"closed","ping_status":"closed","template":"page-homepage.php","meta":[],"acf":[],"_links":{"self":[{"href":"https:\/\/barazza.comunicazione21.com\/es\/wp-json\/wp\/v2\/pages\/11080"}],"collection":[{"href":"https:\/\/barazza.comunicazione21.com\/es\/wp-json\/wp\/v2\/pages"}],"about":[{"href":"https:\/\/barazza.comunicazione21.com\/es\/wp-json\/wp\/v2\/types\/page"}],"author":[{"embeddable":true,"href":"https:\/\/barazza.comunicazione21.com\/es\/wp-json\/wp\/v2\/users\/1"}],"replies":[{"embeddable":true,"href":"https:\/\/barazza.comunicazione21.com\/es\/wp-json\/wp\/v2\/comments?post=11080"}],"version-history":[{"count":1,"href":"https:\/\/barazza.comunicazione21.com\/es\/wp-json\/wp\/v2\/pages\/11080\/revisions"}],"predecessor-version":[{"id":82067,"href":"https:\/\/barazza.comunicazione21.com\/es\/wp-json\/wp\/v2\/pages\/11080\/revisions\/82067"}],"wp:attachment":[{"href":"https:\/\/barazza.comunicazione21.com\/es\/wp-json\/wp\/v2\/media?parent=11080"}],"curies":[{"name":"wp","href":"https:\/\/api.w.org\/{rel}","templated":true}]}}